{"id":22,"date":"2022-10-04T07:52:33","date_gmt":"2022-10-04T07:52:33","guid":{"rendered":"https:\/\/rolandzander.de\/?page_id=22"},"modified":"2022-11-08T19:14:02","modified_gmt":"2022-11-08T19:14:02","slug":"ueber-mich","status":"publish","type":"page","link":"https:\/\/rolandzander.de\/","title":{"rendered":"Hallo"},"content":{"rendered":"\n<p>Entweder hast du mich gezielt gesucht oder du bist zuf\u00e4llig hier gelandet. In beiden F\u00e4llen hei\u00dfe ich dich auf meiner Homepage Herzlich Willkommen. <\/p>\n\n\n\n<p>Diese Webseite wird nach und nach von mir erweitert und wurde mit WordPress erstellt. Sie sollte in allen g\u00e4ngigen Browsern und auf Smartphones oder Tablets fehlerfrei laufen. Falls nicht schickt mir Bitte eine Nachricht mit der Fehlerbeschreibung&#8230; Danke. <\/p>\n\n\n\n<p>Schau dich um. Gl\u00fcck Auf!<\/p>\n\n\n\n<p><\/p>\n","protected":false},"excerpt":{"rendered":"<p>Entweder hast du mich gezielt gesucht oder du bist zuf\u00e4llig hier gelandet. In beiden F\u00e4llen<\/p>\n<p><a href=\"https:\/\/rolandzander.de\/\" class=\"more-link\">Weiterlesen<span class=\"screen-reader-text\">Hallo<\/span><\/a><\/p>\n","protected":false},"author":1,"featured_media":0,"parent":0,"menu_order":0,"comment_status":"closed","ping_status":"closed","template":"","meta":{"footnotes":""},"class_list":["post-22","page","type-page","status-publish","hentry"],"_links":{"self":[{"href":"https:\/\/rolandzander.de\/index.php\/wp-json\/wp\/v2\/pages\/22","targetHints":{"allow":["GET"]}}],"collection":[{"href":"https:\/\/rolandzander.de\/index.php\/wp-json\/wp\/v2\/pages"}],"about":[{"href":"https:\/\/rolandzander.de\/index.php\/wp-json\/wp\/v2\/types\/page"}],"author":[{"embeddable":true,"href":"https:\/\/rolandzander.de\/index.php\/wp-json\/wp\/v2\/users\/1"}],"replies":[{"embeddable":true,"href":"https:\/\/rolandzander.de\/index.php\/wp-json\/wp\/v2\/comments?post=22"}],"version-history":[{"count":9,"href":"https:\/\/rolandzander.de\/index.php\/wp-json\/wp\/v2\/pages\/22\/revisions"}],"predecessor-version":[{"id":145,"href":"https:\/\/rolandzander.de\/index.php\/wp-json\/wp\/v2\/pages\/22\/revisions\/145"}],"wp:attachment":[{"href":"https:\/\/rolandzander.de\/index.php\/wp-json\/wp\/v2\/media?parent=22"}],"curies":[{"name":"wp","href":"https:\/\/api.w.org\/{rel}","templated":true}]}}